{"id":4988,"date":"2017-06-28T02:35:20","date_gmt":"2017-06-28T02:35:20","guid":{"rendered":"https:\/\/distribution.hunghau.vn\/trang-chu\/"},"modified":"2022-05-17T10:48:00","modified_gmt":"2022-05-17T03:48:00","slug":"trang-chu","status":"publish","type":"page","link":"https:\/\/hpetro.vn\/en\/","title":{"rendered":"Home Page"},"content":{"rendered":"\n<div class=\"row show-grid\">\n<div class=\"col-sm-6 col-md-1-5 col-lg-4-5 col\">\n\t\t<!-- MasterSlider -->\n\t\t<div id=\"P_MS69ee2261e2859\" class=\"master-slider-parent msl ms-parent-id-3\" style=\"max-width:1200px;\">\n\n\t\t\t\n\t\t\t<!-- MasterSlider Main -->\n\t\t\t<div id=\"MS69ee2261e2859\" class=\"master-slider ms-skin-default\" >\n\t\t\t\t \t\t\t\t \n\t\t\t\t<div  class=\"ms-slide\" data-delay=\"3\" data-fill-mode=\"fill\"  >\n\t\t\t\t\t<img decoding=\"async\" src=\"https:\/\/hpetro.vn\/wp-content\/plugins\/master-slider\/public\/assets\/css\/blank.gif\" alt=\"\" title=\"\" data-src=\"https:\/\/hpetro.vn\/wp-content\/uploads\/2021\/01\/sl-hpetro.jpg\" \/>\n\n\n\t<img decoding=\"async\" class=\"ms-thumb\" src=\"https:\/\/hpetro.vn\/wp-content\/uploads\/2021\/01\/sl-hpetro-140x80.jpg\" alt=\"\" \/>\n\t<div class=\"ms-thumb\" ><div class=\"ms-tab-context\"><div class=\"&quot;ms-tab-context&quot;\"><\/div><\/div>\n<\/div>\n\t\t\t\t<\/div>\n\n\t\t\t<\/div>\n\t\t\t<!-- END MasterSlider Main -->\n\n\t\t\t \n\t\t<\/div>\n\t\t<!-- END MasterSlider -->\n\n\t\t<script>\n\t\t(function ( $ ) {\n\t\t\t\"use strict\";\n\n\t\t\t$(function () {\n\t\t\t\tvar masterslider_2859 = new MasterSlider();\n\n\t\t\t\t\/\/ slider controls\n\t\t\t\tmasterslider_2859.control('arrows'     ,{ autohide:false, overVideo:true  });\t\t\t\tmasterslider_2859.control('bullets'    ,{ autohide:false, overVideo:true, dir:'h', align:'bottom' , margin:10  });\n\n\t\t\t\tmasterslider_2859.control('thumblist'  ,{ autohide:true, overVideo:false, dir:'h', speed:17, inset:false, arrows:false, hover:false, customClass:'', align:'bottom',type:'thumbs', margin:5, width:140, height:80, space:5, fillMode:'fill'  });\n\t\t\t\t\/\/ slider setup\n\t\t\t\tmasterslider_2859.setup(\"MS69ee2261e2859\", {\n\t\t\t\t\t\twidth           : 1200,\n\t\t\t\t\t\theight          : 500,\n\t\t\t\t\t\tminHeight       : 0,\n\t\t\t\t\t\tspace           : 0,\n\t\t\t\t\t\tstart           : 1,\n\t\t\t\t\t\tgrabCursor      : true,\n\t\t\t\t\t\tswipe           : true,\n\t\t\t\t\t\tmouse           : false,\n\t\t\t\t\t\tlayout          : \"boxed\",\n\t\t\t\t\t\twheel           : false,\n\t\t\t\t\t\tautoplay        : false,\n\t\t\t\t\t\tinstantStartLayers:false,\n\t\t\t\t\t\tloop            : true,\n\t\t\t\t\t\tshuffle         : false,\n\t\t\t\t\t\tpreload         : 1,\n\t\t\t\t\t\theightLimit     : true,\n\t\t\t\t\t\tautoHeight      : true,\n\t\t\t\t\t\tsmoothHeight    : true,\n\t\t\t\t\t\tendPause        : false,\n\t\t\t\t\t\toverPause       : true,\n\t\t\t\t\t\tfillMode        : \"fill\",\n\t\t\t\t\t\tcenterControls  : false,\n\t\t\t\t\t\tstartOnAppear   : false,\n\t\t\t\t\t\tlayersMode      : \"center\",\n\t\t\t\t\t\thideLayers      : false,\n\t\t\t\t\t\tfullscreenMargin: 0,\n\t\t\t\t\t\tspeed           : 20,\n\t\t\t\t\t\tdir             : \"h\",\n\t\t\t\t\t\tparallaxMode    : 'swipe',\n\t\t\t\t\t\tview            : \"basic\"\n\t\t\t\t});\n\n\t\t\t\t\n\t\t\t\twindow.masterslider_instances = window.masterslider_instances || [];\n\t\t\t\twindow.masterslider_instances.push( masterslider_2859 );\n\t\t\t });\n\n\t\t})(jQuery);\n\t\t<\/script>\n\n<\/div>\n<div class=\"col-sm-6 col-md-1-5 col-lg-1-5 col linh-vuc\">\n<p><a href=\"https:\/\/distribution.hunghau.vn\/vi\/don-vi-thanh-vien\/\">\u0110\u01a1n v\u1ecb Th\u00e0nh vi\u00ean<\/a><\/p>\n\t<div class=\"img has-hover x md-x lg-x y md-y lg-y\" id=\"image_716060655\">\n\t\t<a class=\"\" href=\"https:\/\/distribution.hunghau.vn\/en\/members\/\" >\t\t\t\t<div data-animate=\"fadeInRight\">\t\t<div class=\"img-inner dark\" >\n\t\t\t<img loading=\"lazy\" decoding=\"async\" width=\"1569\" height=\"1373\" src=\"https:\/\/hpetro.vn\/wp-content\/uploads\/2022\/05\/hhh-2022-en.png\" class=\"attachment-large size-large\" alt=\"\" srcset=\"https:\/\/hpetro.vn\/wp-content\/uploads\/2022\/05\/hhh-2022-en.png 1569w, https:\/\/hpetro.vn\/wp-content\/uploads\/2022\/05\/hhh-2022-en-768x672.png 768w, https:\/\/hpetro.vn\/wp-content\/uploads\/2022\/05\/hhh-2022-en-1536x1344.png 1536w, https:\/\/hpetro.vn\/wp-content\/uploads\/2022\/05\/hhh-2022-en-510x446.png 510w\" sizes=\"auto, (max-width: 1569px) 100vw, 1569px\" \/>\t\t\t\t\t\t\n\t\t\t\t\t<\/div>\n\t\t<\/div>\t\t\t\t<\/a>\t\t\n<style>\n#image_716060655 {\n  width: 100%;\n}\n<\/style>\n\t<\/div>\n\t\n\n<\/div>\n<div class=\"col-sm-6 col-md-1-5 col-lg-1-5 col\">\n<h3><strong>Gi\u1edbi thi\u1ec7u<\/strong><\/h3>\n<p style=\"text-align: justify;\">L\u00e0 m\u1ed9t th\u00e0nh vi\u00ean c\u1ee7a HungHau Holdings \u2013 c\u00f4ng ty gi\u00e0u kinh nghi\u1ec7m trong ng\u00e0nh N\u00f4ng nghi\u1ec7p, Ph\u00e2n Ph\u1ed1i v\u00e0 Gi\u00e1o d\u1ee5c. Hi\u1ec7n t\u1ea1i, m\u1ea3ng ph\u00e2n ph\u1ed1i H\u00f9ng H\u1eadu t\u1eadp trung \u1edf 2 l\u0129nh v\u1ef1c ch\u00ednh l\u00e0 kinh doanh ph\u00e2n ph\u1ed1i nhi\u00ean li\u1ec7u v\u00e0 ph\u00e2n ph\u1ed1i h\u00e0ng th\u1ef1c ph\u1ea9m ti\u00eau d\u00f9ng t\u1ea1i th\u1ecb tr\u01b0\u1eddng n\u1ed9i \u0111\u1ecba.<\/p>\n\t<div class=\"box has-hover   has-hover box-text-bottom\" >\n\n\t\t<div class=\"box-image\" >\n\t\t\t\t\t\t<div class=\"\" >\n\t\t\t\t<img loading=\"lazy\" decoding=\"async\" width=\"1000\" height=\"667\" src=\"https:\/\/hpetro.vn\/wp-content\/uploads\/2017\/06\/736-DBP.jpg\" class=\"attachment- size-\" alt=\"\" srcset=\"https:\/\/hpetro.vn\/wp-content\/uploads\/2017\/06\/736-DBP.jpg 1000w, https:\/\/hpetro.vn\/wp-content\/uploads\/2017\/06\/736-DBP-510x340.jpg 510w, https:\/\/hpetro.vn\/wp-content\/uploads\/2017\/06\/736-DBP-768x512.jpg 768w\" sizes=\"auto, (max-width: 1000px) 100vw, 1000px\" \/>\t\t\t\t\t\t\t\t\t\t\t<\/div>\n\t\t\t\t\t<\/div>\n\n\t\t<div class=\"box-text text-center\" >\n\t\t\t<div class=\"box-text-inner\">\n\t\t\t\t\n\n\n\t\t\t<\/div>\n\t\t<\/div>\n\t<\/div>\n\t\n<\/div>\n<div class=\"col-sm-6 col-md-2-5 col-lg-1-5 col\">\n<h3>T\u1ea7m nh\u00ecn &#8211; S\u1ee9 m\u1ec7nh<\/h3>\n<p>Trong l\u0129nh v\u1ef1c ph\u00e2n ph\u1ed1i nhi\u00ean li\u1ec7u, ch\u00fang t\u00f4i ph\u1ea5n \u0111\u1ea5u tr\u1edf th\u00e0nh th\u01b0\u01a1ng nh\u00e2n \u0111\u1ea7u m\u1ed1i c\u0169ng nh\u01b0 tr\u1edf th\u00e0nh \u0111\u01a1n v\u1ecb cung c\u1ea5p c\u00e1c s\u1ea3n ph\u1ea9m, d\u1ecbch v\u1ee5 \u0111i k\u00e8m ph\u00f9 h\u1ee3p, nh\u1eb1m \u0111\u00e1p \u1ee9ng nhu c\u1ea7u nguy\u1ec5n nhi\u00ean li\u1ec7u c\u1ee7a th\u1ecb tr\u01b0\u1eddng ph\u00eda Nam. .<\/p>\n\t<div class=\"box has-hover   has-hover box-default box-text-bottom\" >\n\n\t\t<div class=\"box-image\" >\n\t\t\t\t\t\t<div class=\"\" >\n\t\t\t\t<img loading=\"lazy\" decoding=\"async\" width=\"1000\" height=\"667\" src=\"https:\/\/hpetro.vn\/wp-content\/uploads\/2017\/07\/Mission-hhf.jpg\" class=\"attachment- size-\" alt=\"\" srcset=\"https:\/\/hpetro.vn\/wp-content\/uploads\/2017\/07\/Mission-hhf.jpg 1000w, https:\/\/hpetro.vn\/wp-content\/uploads\/2017\/07\/Mission-hhf-510x340.jpg 510w, https:\/\/hpetro.vn\/wp-content\/uploads\/2017\/07\/Mission-hhf-768x512.jpg 768w\" sizes=\"auto, (max-width: 1000px) 100vw, 1000px\" \/>\t\t\t\t\t\t\t\t\t\t\t<\/div>\n\t\t\t\t\t<\/div>\n\n\t\t<div class=\"box-text text-center\" >\n\t\t\t<div class=\"box-text-inner\">\n\t\t\t\t\n\n\n\t\t\t<\/div>\n\t\t<\/div>\n\t<\/div>\n\t\n<\/div>\n<div class=\"col-sm-6 col-md-1-5 col-lg-3-5 col\">\n\n  \n    <div id=\"row-1087140343\" class=\"slider slider-auto-height row-collapse slider-nav-circle\" data-flickity-options='{&quot;imagesLoaded&quot;: true, &quot;dragThreshold&quot; : 5, &quot;cellAlign&quot;: &quot;left&quot;,&quot;wrapAround&quot;: true,&quot;prevNextButtons&quot;: true,&quot;percentPosition&quot;: true,&quot;pageDots&quot;: false, &quot;rightToLeft&quot;: false, &quot;autoPlay&quot; : false}'>\n\n  <div class=\"col post-item\" >\n\t\t\t<div class=\"col-inner\">\n\t\t\t\t<div class=\"box box-vertical box-text-middle box-blog-post has-hover\">\n            \t\t\t\t\t<div class=\"box-image\" >\n  \t\t\t\t\t\t<div class=\"image-cover\" style=\"padding-top:56.25%;\">\n\t\t\t\t\t\t\t<a href=\"https:\/\/hpetro.vn\/en\/hung-hau-is-honored-to-receive-the-trusted-brand-2016-award\/\" class=\"plain\" aria-label=\"Hung Hau is honored to receive the Trusted Brand 2016 Award\">\n\t\t\t\t\t\t\t\t<img loading=\"lazy\" decoding=\"async\" width=\"1000\" height=\"667\" src=\"https:\/\/hpetro.vn\/wp-content\/uploads\/2017\/07\/Trusted-Brand-2016-01.jpg\" class=\"attachment-large size-large wp-post-image\" alt=\"\" srcset=\"https:\/\/hpetro.vn\/wp-content\/uploads\/2017\/07\/Trusted-Brand-2016-01.jpg 1000w, https:\/\/hpetro.vn\/wp-content\/uploads\/2017\/07\/Trusted-Brand-2016-01-510x340.jpg 510w, https:\/\/hpetro.vn\/wp-content\/uploads\/2017\/07\/Trusted-Brand-2016-01-768x512.jpg 768w\" sizes=\"auto, (max-width: 1000px) 100vw, 1000px\" \/>\t\t\t\t\t\t\t<\/a>\n  \t\t\t\t\t\t\t  \t\t\t\t\t\t\t  \t\t\t\t\t\t<\/div>\n  \t\t\t\t\t\t  \t\t\t\t\t<\/div>\n          \t\t\t\t\t<div class=\"box-text text-left\" >\n\t\t\t\t\t<div class=\"box-text-inner blog-post-inner\">\n\n\t\t\t\t\t\n\t\t\t\t\t\t\t\t\t\t\t<p class=\"cat-label  is-xxsmall op-7 uppercase\">\n\t\t\t\t\tNews - Events \t\t\t\t\t<\/p>\n\t\t\t\t\t\t\t\t\t\t<h5 class=\"post-title is-large \">\n\t\t\t\t\t\t<a href=\"https:\/\/hpetro.vn\/en\/hung-hau-is-honored-to-receive-the-trusted-brand-2016-award\/\" class=\"plain\">Hung Hau is honored to receive the Trusted Brand 2016 Award<\/a>\n\t\t\t\t\t<\/h5>\n\t\t\t\t\t\t\t\t\t\t<div class=\"is-divider\"><\/div>\n\t\t\t\t\t\t\t\t\t\t<p class=\"from_the_blog_excerpt \">\n\t\t\t\t\t\tOn the morning of\u00a0Dec.\u00a024,2016\u00a0in Ho Chi Minh City, there\u00a0has\u00a0been an\u00a0announcement\u00a0of\u00a0the issuance and award of Enterprise Credit Index. This is an activity co-organized by the Vietnam Institute of Enterprise and the\u00a0InterConformity\u00a0(Germany).\u00a0HungHau\u00a0Development Joint Stock Company is honored to be one of 138 enterprises nationwide to receive the Trusted Brand 2016\u00a0award\u00a0for excellent application [...]\t\t\t\t\t<\/p>\n\t\t\t\t\t                    \n\t\t\t\t\t\t\t\t\t\t\t<a href=\"https:\/\/hpetro.vn\/en\/hung-hau-is-honored-to-receive-the-trusted-brand-2016-award\/\" class=\"button  is-outline is-small mb-0\">\n\t\t\t\t\t\t\tXem th\u00eam \u00bb\t\t\t\t\t\t<\/a>\n\t\t\t\t\t\n\t\t\t\t\t\n\t\t\t\t\t<\/div>\n\t\t\t\t\t<\/div>\n\t\t\t\t\t\t\t\t\t<\/div>\n\t\t\t<\/div>\n\t\t<\/div><div class=\"col post-item\" >\n\t\t\t<div class=\"col-inner\">\n\t\t\t\t<div class=\"box box-vertical box-text-middle box-blog-post has-hover\">\n            \t\t\t\t\t<div class=\"box-image\" >\n  \t\t\t\t\t\t<div class=\"image-cover\" style=\"padding-top:56.25%;\">\n\t\t\t\t\t\t\t<a href=\"https:\/\/hpetro.vn\/en\/hunghau-proud-to-become-the-2016-national-brand\/\" class=\"plain\" aria-label=\"HungHau proud to become the 2016 National Brand\">\n\t\t\t\t\t\t\t\t<img loading=\"lazy\" decoding=\"async\" width=\"1000\" height=\"667\" src=\"https:\/\/hpetro.vn\/wp-content\/uploads\/2017\/07\/National-Brand-2016-01.jpg\" class=\"attachment-large size-large wp-post-image\" alt=\"\" srcset=\"https:\/\/hpetro.vn\/wp-content\/uploads\/2017\/07\/National-Brand-2016-01.jpg 1000w, https:\/\/hpetro.vn\/wp-content\/uploads\/2017\/07\/National-Brand-2016-01-510x340.jpg 510w, https:\/\/hpetro.vn\/wp-content\/uploads\/2017\/07\/National-Brand-2016-01-768x512.jpg 768w\" sizes=\"auto, (max-width: 1000px) 100vw, 1000px\" \/>\t\t\t\t\t\t\t<\/a>\n  \t\t\t\t\t\t\t  \t\t\t\t\t\t\t  \t\t\t\t\t\t<\/div>\n  \t\t\t\t\t\t  \t\t\t\t\t<\/div>\n          \t\t\t\t\t<div class=\"box-text text-left\" >\n\t\t\t\t\t<div class=\"box-text-inner blog-post-inner\">\n\n\t\t\t\t\t\n\t\t\t\t\t\t\t\t\t\t\t<p class=\"cat-label  is-xxsmall op-7 uppercase\">\n\t\t\t\t\tNews - Events \t\t\t\t\t<\/p>\n\t\t\t\t\t\t\t\t\t\t<h5 class=\"post-title is-large \">\n\t\t\t\t\t\t<a href=\"https:\/\/hpetro.vn\/en\/hunghau-proud-to-become-the-2016-national-brand\/\" class=\"plain\">HungHau proud to become the 2016 National Brand<\/a>\n\t\t\t\t\t<\/h5>\n\t\t\t\t\t\t\t\t\t\t<div class=\"is-divider\"><\/div>\n\t\t\t\t\t\t\t\t\t\t<p class=\"from_the_blog_excerpt \">\n\t\t\t\t\t\tOn November 30,\u00a02016, Hung\u00a0Hau\u00a0Development Joint Stock Company with the\u00a0HappyFood\u00a0product line will be honored to receive the 2016 National Brand Award at the National Branding Fair 2016 (Hanoi). The program is organized by the National Brand Council, the National Branding Secretariat in collaboration with the Trade Promotion Department (Ministry of Industry [...]\t\t\t\t\t<\/p>\n\t\t\t\t\t                    \n\t\t\t\t\t\t\t\t\t\t\t<a href=\"https:\/\/hpetro.vn\/en\/hunghau-proud-to-become-the-2016-national-brand\/\" class=\"button  is-outline is-small mb-0\">\n\t\t\t\t\t\t\tXem th\u00eam \u00bb\t\t\t\t\t\t<\/a>\n\t\t\t\t\t\n\t\t\t\t\t\n\t\t\t\t\t<\/div>\n\t\t\t\t\t<\/div>\n\t\t\t\t\t\t\t\t\t<\/div>\n\t\t\t<\/div>\n\t\t<\/div><div class=\"col post-item\" >\n\t\t\t<div class=\"col-inner\">\n\t\t\t\t<div class=\"box box-vertical box-text-middle box-blog-post has-hover\">\n            \t\t\t\t\t<div class=\"box-image\" >\n  \t\t\t\t\t\t<div class=\"image-cover\" style=\"padding-top:56.25%;\">\n\t\t\t\t\t\t\t<a href=\"https:\/\/hpetro.vn\/en\/hung-hau-officially-became-the-2016-national-brand\/\" class=\"plain\" aria-label=\"Hung Hau officially became the 2016 National Brand\">\n\t\t\t\t\t\t\t\t<img loading=\"lazy\" decoding=\"async\" width=\"1000\" height=\"667\" src=\"https:\/\/hpetro.vn\/wp-content\/uploads\/2017\/07\/giai-thuong-hieu-quoc-gia.jpg\" class=\"attachment-large size-large wp-post-image\" alt=\"\" srcset=\"https:\/\/hpetro.vn\/wp-content\/uploads\/2017\/07\/giai-thuong-hieu-quoc-gia.jpg 1000w, https:\/\/hpetro.vn\/wp-content\/uploads\/2017\/07\/giai-thuong-hieu-quoc-gia-510x340.jpg 510w, https:\/\/hpetro.vn\/wp-content\/uploads\/2017\/07\/giai-thuong-hieu-quoc-gia-768x512.jpg 768w\" sizes=\"auto, (max-width: 1000px) 100vw, 1000px\" \/>\t\t\t\t\t\t\t<\/a>\n  \t\t\t\t\t\t\t  \t\t\t\t\t\t\t  \t\t\t\t\t\t<\/div>\n  \t\t\t\t\t\t  \t\t\t\t\t<\/div>\n          \t\t\t\t\t<div class=\"box-text text-left\" >\n\t\t\t\t\t<div class=\"box-text-inner blog-post-inner\">\n\n\t\t\t\t\t\n\t\t\t\t\t\t\t\t\t\t\t<p class=\"cat-label  is-xxsmall op-7 uppercase\">\n\t\t\t\t\tNews - Events \t\t\t\t\t<\/p>\n\t\t\t\t\t\t\t\t\t\t<h5 class=\"post-title is-large \">\n\t\t\t\t\t\t<a href=\"https:\/\/hpetro.vn\/en\/hung-hau-officially-became-the-2016-national-brand\/\" class=\"plain\">Hung Hau officially became the 2016 National Brand<\/a>\n\t\t\t\t\t<\/h5>\n\t\t\t\t\t\t\t\t\t\t<div class=\"is-divider\"><\/div>\n\t\t\t\t\t\t\t\t\t\t<p class=\"from_the_blog_excerpt \">\n\t\t\t\t\t\tOn November 4th, the Ministry of Industry and Commerce has officially announced the list of Vietnam National Brand in 2016. Accordingly,\u00a0HungHau\u00a0Development Joint Stock Company has become one of 88 enterprises nationwide\u00a0to receive the award of\u00a0the National Trademark of\u00a0Agro-Forestry-Fisheries. This logo is entitled Vietnam Value\u00a0which is\u00a0given to products that have their [...]\t\t\t\t\t<\/p>\n\t\t\t\t\t                    \n\t\t\t\t\t\t\t\t\t\t\t<a href=\"https:\/\/hpetro.vn\/en\/hung-hau-officially-became-the-2016-national-brand\/\" class=\"button  is-outline is-small mb-0\">\n\t\t\t\t\t\t\tXem th\u00eam \u00bb\t\t\t\t\t\t<\/a>\n\t\t\t\t\t\n\t\t\t\t\t\n\t\t\t\t\t<\/div>\n\t\t\t\t\t<\/div>\n\t\t\t\t\t\t\t\t\t<\/div>\n\t\t\t<\/div>\n\t\t<\/div><\/div>\n\n<\/div>\n<div class=\"col-sm-6 col-md-4-5 col-lg-1-5 col\">\n<h3>\u0110\u01a1n v\u1ecb th\u00e0nh vi\u00ean<\/h3>\n<p>Bao g\u1ed3m: C\u00f4ng ty TNHH X\u0103ng d\u1ea7u H\u00f9ng H\u1eadu, C\u00f4ng ty TNHH Ph\u00e2n ph\u1ed1i H\u00f9ng H\u1eadu, C\u00f4ng ty D\u1ecbch v\u1ee5 Kho c\u1ea3ng H\u00f9ng H\u1eadu<\/p>\n\t<div class=\"img has-hover x md-x lg-x y md-y lg-y\" id=\"image_1883039348\">\n\t\t\t\t\t\t\t\t<div class=\"img-inner dark\" >\n\t\t\t<img loading=\"lazy\" decoding=\"async\" width=\"1000\" height=\"667\" src=\"https:\/\/hpetro.vn\/wp-content\/uploads\/2017\/07\/members.jpg\" class=\"attachment-large size-large\" alt=\"\" srcset=\"https:\/\/hpetro.vn\/wp-content\/uploads\/2017\/07\/members.jpg 1000w, https:\/\/hpetro.vn\/wp-content\/uploads\/2017\/07\/members-510x340.jpg 510w, https:\/\/hpetro.vn\/wp-content\/uploads\/2017\/07\/members-768x512.jpg 768w\" sizes=\"auto, (max-width: 1000px) 100vw, 1000px\" \/>\t\t\t\t\t\t\n\t\t\t\t\t<\/div>\n\t\t\t\t\t\t\t\t\n<style>\n#image_1883039348 {\n  width: 100%;\n}\n<\/style>\n\t<\/div>\n\t\n\n<\/div>\n<div class=\"col-sm-6 col-md-5-5 col-lg-1-5 col\">\n<h3>K\u00eanh HungHau Foods<\/h3>\n<p>K\u00eanh HungHau Distribution \u0111\u01b0\u1ee3c x\u00e2y d\u1ef1ng nh\u1eb1m g\u1eafn k\u1ebft HungHau Distribution v\u1edbi kh\u00e1ch h\u00e0ng th\u00f4ng qua t\u1ea5t c\u1ea3 c\u00e1c k\u00eanh truy\u1ec1n th\u00f4ng.<\/p>\n\t<div class=\"img has-hover x md-x lg-x y md-y lg-y\" id=\"image_1459559881\">\n\t\t\t\t\t\t\t\t<div class=\"img-inner dark\" >\n\t\t\t<img loading=\"lazy\" decoding=\"async\" width=\"1000\" height=\"667\" src=\"https:\/\/hpetro.vn\/wp-content\/uploads\/2017\/07\/channel-hhf.png\" class=\"attachment-large size-large\" alt=\"\" srcset=\"https:\/\/hpetro.vn\/wp-content\/uploads\/2017\/07\/channel-hhf.png 1000w, https:\/\/hpetro.vn\/wp-content\/uploads\/2017\/07\/channel-hhf-510x340.png 510w, https:\/\/hpetro.vn\/wp-content\/uploads\/2017\/07\/channel-hhf-768x512.png 768w\" sizes=\"auto, (max-width: 1000px) 100vw, 1000px\" \/>\t\t\t\t\t\t\n\t\t\t\t\t<\/div>\n\t\t\t\t\t\t\t\t\n<style>\n#image_1459559881 {\n  width: 100%;\n}\n<\/style>\n\t<\/div>\n\t\n\n<\/div>\n<div class=\"col-sm-6 col-md-3-5 col-lg-1-5 col tuyen-dung\">\n<h3>Tuy\u1ec3n d\u1ee5ng<\/h3>\n<p>HungHau Distribution ch\u1ee7 tr\u01b0\u01a1ng t\u1ea1\u1ecd ra m\u00f4i l\u00e0m vi\u1ec7c n\u0103ng \u0111\u1ed9ng, \u0111\u1ea7y c\u01a1 h\u1ed9i ph\u00e1t tri\u1ec3n, b\u00ean c\u1ea1nh \u0111\u00f3 l\u00e0 ch\u1ebf \u0111\u1ed9 \u0111\u00e3i ng\u1ed9 t\u1ed1t nh\u1ea5t d\u00e0nh cho ng\u01b0\u1eddi lao \u0111\u1ed9ng.<\/p>\n\t<div class=\"img has-hover x md-x lg-x y md-y lg-y\" id=\"image_1089262911\">\n\t\t\t\t\t\t\t\t<div class=\"img-inner dark\" >\n\t\t\t<img loading=\"lazy\" decoding=\"async\" width=\"1000\" height=\"667\" src=\"https:\/\/hpetro.vn\/wp-content\/uploads\/2017\/08\/Careers-hhf.jpg\" class=\"attachment-large size-large\" alt=\"\" srcset=\"https:\/\/hpetro.vn\/wp-content\/uploads\/2017\/08\/Careers-hhf.jpg 1000w, https:\/\/hpetro.vn\/wp-content\/uploads\/2017\/08\/Careers-hhf-510x340.jpg 510w, https:\/\/hpetro.vn\/wp-content\/uploads\/2017\/08\/Careers-hhf-768x512.jpg 768w\" sizes=\"auto, (max-width: 1000px) 100vw, 1000px\" \/>\t\t\t\t\t\t\n\t\t\t\t\t<\/div>\n\t\t\t\t\t\t\t\t\n<style>\n#image_1089262911 {\n  width: 100%;\n}\n<\/style>\n\t<\/div>\n\t\n\n<\/div>\n<div class=\"col-sm-6 col-md-2-5 col-lg-1-5 col\">\n<ul class=\"sidebar-wrapper ul-reset\"><aside id=\"flatsome_recent_posts-6\" class=\"widget flatsome_recent_posts\">\t\t<span class=\"widget-title \"><span>News<\/span><\/span><div class=\"is-divider small\"><\/div>\t\t<ul>\t\t\n\t\t\n\t\t<li class=\"recent-blog-posts-li\">\n\t\t\t<div class=\"flex-row recent-blog-posts align-top pt-half pb-half\">\n\t\t\t\t<div class=\"flex-col mr-half\">\n\t\t\t\t\t<div class=\"badge post-date badge-small badge-square\">\n\t\t\t\t\t\t\t<div class=\"badge-inner bg-fill\" >\n                                \t\t\t\t\t\t\t\t<span class=\"post-date-day\">07<\/span><br>\n\t\t\t\t\t\t\t\t<span class=\"post-date-month is-xsmall\">Jul<\/span>\n                                \t\t\t\t\t\t\t<\/div>\n\t\t\t\t\t<\/div>\n\t\t\t\t<\/div>\n\t\t\t\t<div class=\"flex-col flex-grow\">\n\t\t\t\t\t  <a href=\"https:\/\/hpetro.vn\/en\/hung-hau-is-honored-to-receive-the-trusted-brand-2016-award\/\" title=\"Hung Hau is honored to receive the Trusted Brand 2016 Award\">Hung Hau is honored to receive the Trusted Brand 2016 Award<\/a>\n\t\t\t\t   \t  <span class=\"post_comments op-7 block is-xsmall\"><span>Comments Off<span class=\"screen-reader-text\"> on Hung Hau is honored to receive the Trusted Brand 2016 Award<\/span><\/span><\/span>\n\t\t\t\t<\/div>\n\t\t\t<\/div>\n\t\t<\/li>\n\t\t\n\t\t\n\t\t<li class=\"recent-blog-posts-li\">\n\t\t\t<div class=\"flex-row recent-blog-posts align-top pt-half pb-half\">\n\t\t\t\t<div class=\"flex-col mr-half\">\n\t\t\t\t\t<div class=\"badge post-date badge-small badge-square\">\n\t\t\t\t\t\t\t<div class=\"badge-inner bg-fill\" >\n                                \t\t\t\t\t\t\t\t<span class=\"post-date-day\">07<\/span><br>\n\t\t\t\t\t\t\t\t<span class=\"post-date-month is-xsmall\">Jul<\/span>\n                                \t\t\t\t\t\t\t<\/div>\n\t\t\t\t\t<\/div>\n\t\t\t\t<\/div>\n\t\t\t\t<div class=\"flex-col flex-grow\">\n\t\t\t\t\t  <a href=\"https:\/\/hpetro.vn\/en\/hunghau-proud-to-become-the-2016-national-brand\/\" title=\"HungHau proud to become the 2016 National Brand\">HungHau proud to become the 2016 National Brand<\/a>\n\t\t\t\t   \t  <span class=\"post_comments op-7 block is-xsmall\"><span>Comments Off<span class=\"screen-reader-text\"> on HungHau proud to become the 2016 National Brand<\/span><\/span><\/span>\n\t\t\t\t<\/div>\n\t\t\t<\/div>\n\t\t<\/li>\n\t\t\n\t\t\n\t\t<li class=\"recent-blog-posts-li\">\n\t\t\t<div class=\"flex-row recent-blog-posts align-top pt-half pb-half\">\n\t\t\t\t<div class=\"flex-col mr-half\">\n\t\t\t\t\t<div class=\"badge post-date badge-small badge-square\">\n\t\t\t\t\t\t\t<div class=\"badge-inner bg-fill\" >\n                                \t\t\t\t\t\t\t\t<span class=\"post-date-day\">07<\/span><br>\n\t\t\t\t\t\t\t\t<span class=\"post-date-month is-xsmall\">Jul<\/span>\n                                \t\t\t\t\t\t\t<\/div>\n\t\t\t\t\t<\/div>\n\t\t\t\t<\/div>\n\t\t\t\t<div class=\"flex-col flex-grow\">\n\t\t\t\t\t  <a href=\"https:\/\/hpetro.vn\/en\/hung-hau-officially-became-the-2016-national-brand\/\" title=\"Hung Hau officially became the 2016 National Brand\">Hung Hau officially became the 2016 National Brand<\/a>\n\t\t\t\t   \t  <span class=\"post_comments op-7 block is-xsmall\"><span>Comments Off<span class=\"screen-reader-text\"> on Hung Hau officially became the 2016 National Brand<\/span><\/span><\/span>\n\t\t\t\t<\/div>\n\t\t\t<\/div>\n\t\t<\/li>\n\t\t\t\t<\/ul>\t\t<\/aside><\/ul>\n\n<\/div>\n<div class=\"col-sm-6 col-md-4-5 col-lg-1-5 col\">\n<h3>\u0110\u1ed1i t\u00e1c<\/h3>\n<p>HungHau Distribution lu\u00f4n tr\u00e2n tr\u1ecdng v\u00e0 xem \u0111\u1ed1i t\u00e1c l\u00e0 m\u1ed9t trong nh\u1eefng nh\u00e2n t\u1ed1 kh\u00f4ng th\u1ec3 thi\u1ebfu \u0111\u1ed1i v\u1edbi s\u1ef1 th\u00e0nh c\u00f4ng c\u1ee7a HungHau Distribution.<\/p>\n\t<div class=\"img has-hover x md-x lg-x y md-y lg-y\" id=\"image_1583505189\">\n\t\t\t\t\t\t\t\t<div class=\"img-inner dark\" >\n\t\t\t<img loading=\"lazy\" decoding=\"async\" width=\"1000\" height=\"667\" src=\"https:\/\/hpetro.vn\/wp-content\/uploads\/2017\/06\/Partner.jpg\" class=\"attachment-large size-large\" alt=\"\" srcset=\"https:\/\/hpetro.vn\/wp-content\/uploads\/2017\/06\/Partner.jpg 1000w, https:\/\/hpetro.vn\/wp-content\/uploads\/2017\/06\/Partner-510x340.jpg 510w, https:\/\/hpetro.vn\/wp-content\/uploads\/2017\/06\/Partner-768x512.jpg 768w\" sizes=\"auto, (max-width: 1000px) 100vw, 1000px\" \/>\t\t\t\t\t\t\n\t\t\t\t\t<\/div>\n\t\t\t\t\t\t\t\t\n<style>\n#image_1583505189 {\n  width: 100%;\n}\n<\/style>\n\t<\/div>\n\t\n\n<\/div>\n<\/div>\n\n\t<section class=\"section\" id=\"section_1773735434\">\n\t\t<div class=\"section-bg fill\" >\n\t\t\t\t\t\t\t\t\t\n\t\t\t\n\n\t\t<\/div>\n\n\t\t\n\n\t\t<div class=\"section-content relative\">\n\t\t\t\n\n\n\t\t<\/div>\n\n\t\t\n<style>\n#section_1773735434 {\n  padding-top: 30px;\n  padding-bottom: 30px;\n}\n<\/style>\n\t<\/section>\n\t\n\n","protected":false},"excerpt":{"rendered":"","protected":false},"author":1,"featured_media":0,"parent":0,"menu_order":0,"comment_status":"closed","ping_status":"closed","template":"","meta":{"footnotes":""},"class_list":["post-4988","page","type-page","status-publish","hentry"],"_links":{"self":[{"href":"https:\/\/hpetro.vn\/en\/wp-json\/wp\/v2\/pages\/4988","targetHints":{"allow":["GET"]}}],"collection":[{"href":"https:\/\/hpetro.vn\/en\/wp-json\/wp\/v2\/pages"}],"about":[{"href":"https:\/\/hpetro.vn\/en\/wp-json\/wp\/v2\/types\/page"}],"author":[{"embeddable":true,"href":"https:\/\/hpetro.vn\/en\/wp-json\/wp\/v2\/users\/1"}],"replies":[{"embeddable":true,"href":"https:\/\/hpetro.vn\/en\/wp-json\/wp\/v2\/comments?post=4988"}],"version-history":[{"count":1,"href":"https:\/\/hpetro.vn\/en\/wp-json\/wp\/v2\/pages\/4988\/revisions"}],"predecessor-version":[{"id":5188,"href":"https:\/\/hpetro.vn\/en\/wp-json\/wp\/v2\/pages\/4988\/revisions\/5188"}],"wp:attachment":[{"href":"https:\/\/hpetro.vn\/en\/wp-json\/wp\/v2\/media?parent=4988"}],"curies":[{"name":"wp","href":"https:\/\/api.w.org\/{rel}","templated":true}]}}